{"id":2175,"date":"2024-03-06T10:32:58","date_gmt":"2024-03-06T09:32:58","guid":{"rendered":"https:\/\/rent-casadipietra.com\/book-now-ask\/"},"modified":"2024-05-06T01:18:15","modified_gmt":"2024-05-05T23:18:15","slug":"reserva-ahora","status":"publish","type":"page","link":"https:\/\/rent-casadipietra.com\/es\/reserva-ahora\/","title":{"rendered":"Reserva ahora"},"content":{"rendered":"\n\n\t\t\t<h1>Reserva &#8211; ask<\/h1>\n\t<h3>\n\t\t\t\tReservas\n\t\t\t<\/h3>\n\t\t\t<p>Estancia m\u00ednima:<strong>1 semana<\/strong>, de S\u00e1bado a domingo, de 1 de Julio a 30 de Agosto<strong>2 noches<\/strong> el resto del a\u00f1o\u00a0<strong>Check-in:<\/strong> 15:00 &#8211; <strong>Check-out:<\/strong> 10:00\u00a0Reservations must be done <strong>at least 3 days before<\/strong> check-in date.\u00a0Please <a href=\"\/contact\/\"><strong>contact us<\/strong><\/a> if you have any special reservation needs such as changing the number of nights, the day of the week of arrival or the method of payment.<\/p>\t\n\t<html>\n<head>\n<title>HTML iFrame Generator<\/title>\n<\/head>\n<body>\n<iframe loading=\"lazy\" src=\"https:\/\/casa-di-pietra-lucca.amenitiz.io\/es\/booking\/room\" name=\"showIframe\" width=\"100%\" height=\"1400px\"><\/iframe>\n<\/body>\n<\/html>\n\n","protected":false},"excerpt":{"rendered":"<p>Reserva &#8211; ask Reservas Estancia m\u00ednima:1 semana, de S\u00e1bado a domingo, de 1 de Julio a 30 de Agosto2 noches el resto del a\u00f1o\u00a0Check-in: 15:00 &#8211; Check-out: 10:00\u00a0Reservations must be done at least 3 days before check-in date.\u00a0Please contact us if you have any special reservation needs such as changing the number of nights, the [&hellip;]<\/p>\n","protected":false},"author":1,"featured_media":0,"parent":0,"menu_order":0,"comment_status":"closed","ping_status":"closed","template":"","meta":{"site-sidebar-layout":"no-sidebar","site-content-layout":"page-builder","ast-site-content-layout":"full-width-container","site-content-style":"unboxed","site-sidebar-style":"unboxed","ast-global-header-display":"","ast-banner-title-visibility":"","ast-main-header-display":"","ast-hfb-above-header-display":"","ast-hfb-below-header-display":"","ast-hfb-mobile-header-display":"","site-post-title":"disabled","ast-breadcrumbs-content":"","ast-featured-img":"disabled","footer-sml-layout":"","theme-transparent-header-meta":"enabled","adv-header-id-meta":"","stick-header-meta":"","header-above-stick-meta":"","header-main-stick-meta":"","header-below-stick-meta":"","astra-migrate-meta-layouts":"set","ast-page-background-enabled":"default","ast-page-background-meta":{"desktop":{"background-color":"","background-image":"","background-repeat":"repeat","background-position":"center center","background-size":"auto","background-attachment":"scroll","background-type":"","background-media":"","overlay-type":"","overlay-color":"","overlay-opacity":"","overlay-gradient":""},"tablet":{"background-color":"","background-image":"","background-repeat":"repeat","background-position":"center center","background-size":"auto","background-attachment":"scroll","background-type":"","background-media":"","overlay-type":"","overlay-color":"","overlay-opacity":"","overlay-gradient":""},"mobile":{"background-color":"","background-image":"","background-repeat":"repeat","background-position":"center center","background-size":"auto","background-attachment":"scroll","background-type":"","background-media":"","overlay-type":"","overlay-color":"","overlay-opacity":"","overlay-gradient":""}},"ast-content-background-meta":{"desktop":{"background-color":"var(--ast-global-color-5)","background-image":"","background-repeat":"repeat","background-position":"center center","background-size":"auto","background-attachment":"scroll","background-type":"","background-media":"","overlay-type":"","overlay-color":"","overlay-opacity":"","overlay-gradient":""},"tablet":{"background-color":"var(--ast-global-color-5)","background-image":"","background-repeat":"repeat","background-position":"center center","background-size":"auto","background-attachment":"scroll","background-type":"","background-media":"","overlay-type":"","overlay-color":"","overlay-opacity":"","overlay-gradient":""},"mobile":{"background-color":"var(--ast-global-color-5)","background-image":"","background-repeat":"repeat","background-position":"center center","background-size":"auto","background-attachment":"scroll","background-type":"","background-media":"","overlay-type":"","overlay-color":"","overlay-opacity":"","overlay-gradient":""}},"_joinchat":[],"footnotes":""},"class_list":["post-2175","page","type-page","status-publish","hentry"],"_links":{"self":[{"href":"https:\/\/rent-casadipietra.com\/es\/wp-json\/wp\/v2\/pages\/2175","targetHints":{"allow":["GET"]}}],"collection":[{"href":"https:\/\/rent-casadipietra.com\/es\/wp-json\/wp\/v2\/pages"}],"about":[{"href":"https:\/\/rent-casadipietra.com\/es\/wp-json\/wp\/v2\/types\/page"}],"author":[{"embeddable":true,"href":"https:\/\/rent-casadipietra.com\/es\/wp-json\/wp\/v2\/users\/1"}],"replies":[{"embeddable":true,"href":"https:\/\/rent-casadipietra.com\/es\/wp-json\/wp\/v2\/comments?post=2175"}],"version-history":[{"count":3,"href":"https:\/\/rent-casadipietra.com\/es\/wp-json\/wp\/v2\/pages\/2175\/revisions"}],"predecessor-version":[{"id":2202,"href":"https:\/\/rent-casadipietra.com\/es\/wp-json\/wp\/v2\/pages\/2175\/revisions\/2202"}],"wp:attachment":[{"href":"https:\/\/rent-casadipietra.com\/es\/wp-json\/wp\/v2\/media?parent=2175"}],"curies":[{"name":"wp","href":"https:\/\/api.w.org\/{rel}","templated":true}]}}