{"id":1780,"date":"2022-12-15T12:55:04","date_gmt":"2022-12-15T11:55:04","guid":{"rendered":"https:\/\/rent-casadipietra.com\/?page_id=1780"},"modified":"2024-03-06T14:13:13","modified_gmt":"2024-03-06T13:13:13","slug":"reserva-ahora-bc","status":"publish","type":"page","link":"https:\/\/rent-casadipietra.com\/es\/reserva-ahora-bc\/","title":{"rendered":"Reserva ahora-bc"},"content":{"rendered":"\n\n\t\t\t<h1>Reserva ahora<\/h1>\n\t<h3>\n\t\t\t\tElige fechas\n\t\t\t<\/h3>\n\t\t\t<p>Estancia m\u00ednima:<strong>1 semana<\/strong> de s\u00e1bado a s\u00e1bado entre el 1 de julio y el 30 de agosto<strong>2 noches<\/strong> el resto del a\u00f1o\u00a0<strong>Check-in:<\/strong> 15:00 &#8211; <strong>Check-out:<\/strong> 10:00\u00a0Las reservas se deben hacer <strong>al menos 3 d\u00edas antes<\/strong> de la fecha de llegada.\u00a0Por favor, <a href=\"https:\/\/rent-casadipietra.com\/es\/contacto\/\"><strong>contacte con nosotros<\/strong><\/a> si tiene alguna necesidad de reserva especial como cambiar el n\u00famero de noches, el d\u00eda de la semana de llegada o la forma de pago.<\/p>\t\n<p>[booking type=2 form_type=&#8217;2-col-form&#8217; nummonths=2 options='{select-day condition=\u00bbseason\u00bb for=\u00bbTA 800&#8243; value=\u00bb8&#8243;},{select-day condition=\u00bbseason\u00bb for=\u00bbTemporada alta 2 noches\u00bb value=\u00bb3-30&#8243;},{select-day condition=\u00bbseason\u00bb for=\u00bbTA 2 noches 800&#8243; value=\u00bb3-30&#8243;},{start-day condition=\u00bbseason\u00bb for=\u00bbTA 2 noches 800&#8243; value=\u00bb0,1,2,3,4,5,6&#8243;},{start-day condition=\u00bbseason\u00bb for=\u00bb20DTO TA BAJA\u00bb value=\u00bb0,1,2,3,4,5,6&#8243;},{start-day condition=\u00bbseason\u00bb for=\u00bb20DTO TA ALTA\u00bb value=\u00bb0,1,2,3,4,5,6&#8243;},{select-day condition=\u00bbseason\u00bb for=\u00bb20DTO TA BAJA\u00bb value=\u00bb3-30&#8243;},{select-day condition=\u00bbseason\u00bb for=\u00bb20DTO TA ALTA\u00bb value=\u00bb3-30&#8243;},{select-day condition=\u00bbseason\u00bb for=\u00bbTemporada baja\u00bb value=\u00bb3-30&#8243;},{select-day condition=\u00bbseason\u00bb for=\u00bbTB 600&#8243; value=\u00bb3-30&#8243;},{select-day condition=\u00bbseason\u00bb for=\u00bbTemporada alta\u00bb value=\u00bb8&#8243;},{start-day condition=\u00bbseason\u00bb for=\u00bbTemporada alta\u00bb value=\u00bb6&#8243;},{start-day condition=\u00bbseason\u00bb for=\u00bbTA 800&#8243; value=\u00bb6&#8243;},{calendar months_num_in_row=2 width=100% cell_height=50px}&#8217;]<\/p>\n\n","protected":false},"excerpt":{"rendered":"<p>Reserva ahora Elige fechas Estancia m\u00ednima:1 semana de s\u00e1bado a s\u00e1bado entre el 1 de julio y el 30 de agosto2 noches el resto del a\u00f1o\u00a0Check-in: 15:00 &#8211; Check-out: 10:00\u00a0Las reservas se deben hacer al menos 3 d\u00edas antes de la fecha de llegada.\u00a0Por favor, contacte con nosotros si tiene alguna necesidad de reserva especial [&hellip;]<\/p>\n","protected":false},"author":2,"featured_media":0,"parent":0,"menu_order":0,"comment_status":"closed","ping_status":"closed","template":"","meta":{"site-sidebar-layout":"no-sidebar","site-content-layout":"page-builder","ast-site-content-layout":"full-width-container","site-content-style":"unboxed","site-sidebar-style":"unboxed","ast-global-header-display":"","ast-banner-title-visibility":"","ast-main-header-display":"","ast-hfb-above-header-display":"","ast-hfb-below-header-display":"","ast-hfb-mobile-header-display":"","site-post-title":"disabled","ast-breadcrumbs-content":"","ast-featured-img":"disabled","footer-sml-layout":"","theme-transparent-header-meta":"enabled","adv-header-id-meta":"","stick-header-meta":"","header-above-stick-meta":"","header-main-stick-meta":"","header-below-stick-meta":"","astra-migrate-meta-layouts":"default","ast-page-background-enabled":"default","ast-page-background-meta":{"desktop":{"background-color":"","background-image":"","background-repeat":"repeat","background-position":"center center","background-size":"auto","background-attachment":"scroll","background-type":"","background-media":"","overlay-type":"","overlay-color":"","overlay-opacity":"","overlay-gradient":""},"tablet":{"background-color":"","background-image":"","background-repeat":"repeat","background-position":"center center","background-size":"auto","background-attachment":"scroll","background-type":"","background-media":"","overlay-type":"","overlay-color":"","overlay-opacity":"","overlay-gradient":""},"mobile":{"background-color":"","background-image":"","background-repeat":"repeat","background-position":"center center","background-size":"auto","background-attachment":"scroll","background-type":"","background-media":"","overlay-type":"","overlay-color":"","overlay-opacity":"","overlay-gradient":""}},"ast-content-background-meta":{"desktop":{"background-color":"var(--ast-global-color-5)","background-image":"","background-repeat":"repeat","background-position":"center center","background-size":"auto","background-attachment":"scroll","background-type":"","background-media":"","overlay-type":"","overlay-color":"","overlay-opacity":"","overlay-gradient":""},"tablet":{"background-color":"var(--ast-global-color-5)","background-image":"","background-repeat":"repeat","background-position":"center center","background-size":"auto","background-attachment":"scroll","background-type":"","background-media":"","overlay-type":"","overlay-color":"","overlay-opacity":"","overlay-gradient":""},"mobile":{"background-color":"var(--ast-global-color-5)","background-image":"","background-repeat":"repeat","background-position":"center center","background-size":"auto","background-attachment":"scroll","background-type":"","background-media":"","overlay-type":"","overlay-color":"","overlay-opacity":"","overlay-gradient":""}},"_joinchat":[],"footnotes":""},"class_list":["post-1780","page","type-page","status-publish","hentry"],"_links":{"self":[{"href":"https:\/\/rent-casadipietra.com\/es\/wp-json\/wp\/v2\/pages\/1780","targetHints":{"allow":["GET"]}}],"collection":[{"href":"https:\/\/rent-casadipietra.com\/es\/wp-json\/wp\/v2\/pages"}],"about":[{"href":"https:\/\/rent-casadipietra.com\/es\/wp-json\/wp\/v2\/types\/page"}],"author":[{"embeddable":true,"href":"https:\/\/rent-casadipietra.com\/es\/wp-json\/wp\/v2\/users\/2"}],"replies":[{"embeddable":true,"href":"https:\/\/rent-casadipietra.com\/es\/wp-json\/wp\/v2\/comments?post=1780"}],"version-history":[{"count":10,"href":"https:\/\/rent-casadipietra.com\/es\/wp-json\/wp\/v2\/pages\/1780\/revisions"}],"predecessor-version":[{"id":2179,"href":"https:\/\/rent-casadipietra.com\/es\/wp-json\/wp\/v2\/pages\/1780\/revisions\/2179"}],"wp:attachment":[{"href":"https:\/\/rent-casadipietra.com\/es\/wp-json\/wp\/v2\/media?parent=1780"}],"curies":[{"name":"wp","href":"https:\/\/api.w.org\/{rel}","templated":true}]}}