{"id":1651,"date":"2022-08-04T17:10:09","date_gmt":"2022-08-04T15:10:09","guid":{"rendered":"https:\/\/rent-casadipietra.com\/contacto\/"},"modified":"2023-01-12T12:28:03","modified_gmt":"2023-01-12T11:28:03","slug":"contacto","status":"publish","type":"page","link":"https:\/\/rent-casadipietra.com\/es\/contacto\/","title":{"rendered":"Contacto"},"content":{"rendered":"\n\n\t\t\t<h1>Cont\u00e1ctanos<\/h1>\n\t\t\t\t\n\t<h2>\n\t\t\t\tContacto\n\t\t\t<\/h2>\n\t\t\t\n\t<h5>\n\t\t\t\tEmail\n\t\t\t<\/h5>\n\t\t\t<p>info@rent-casadipietra.com<\/p>\n\t<h5>\n\t\t\t\tDirecci\u00f3n\n\t\t\t<\/h5>\n\t\t\t<p>Camporgiano &#8211; (Lucca) <br \/>Toscana &#8211; ITALY<\/p>\t\n\t<h3>\n\t\t\t\tEnv\u00edanos un mensaje\n\t\t\t<\/h3>\n\t\t\t<p>Te responderemos lo antes posible.<\/p>\t\n\n","protected":false},"excerpt":{"rendered":"<p>Cont\u00e1ctanos Contacto Email info@rent-casadipietra.com Direcci\u00f3n Camporgiano &#8211; (Lucca) Toscana &#8211; ITALY Env\u00edanos un mensaje Te responderemos lo antes posible.<\/p>\n","protected":false},"author":1,"featured_media":0,"parent":0,"menu_order":0,"comment_status":"closed","ping_status":"closed","template":"","meta":{"site-sidebar-layout":"no-sidebar","site-content-layout":"page-builder","ast-site-content-layout":"default","site-content-style":"default","site-sidebar-style":"default","ast-global-header-display":"","ast-banner-title-visibility":"","ast-main-header-display":"","ast-hfb-above-header-display":"","ast-hfb-below-header-display":"","ast-hfb-mobile-header-display":"","site-post-title":"disabled","ast-breadcrumbs-content":"","ast-featured-img":"disabled","footer-sml-layout":"","theme-transparent-header-meta":"enabled","adv-header-id-meta":"","stick-header-meta":"","header-above-stick-meta":"","header-main-stick-meta":"","header-below-stick-meta":"","astra-migrate-meta-layouts":"default","ast-page-background-enabled":"default","ast-page-background-meta":{"desktop":{"background-color":"","background-image":"","background-repeat":"repeat","background-position":"center center","background-size":"auto","background-attachment":"scroll","background-type":"","background-media":"","overlay-type":"","overlay-color":"","overlay-opacity":"","overlay-gradient":""},"tablet":{"background-color":"","background-image":"","background-repeat":"repeat","background-position":"center center","background-size":"auto","background-attachment":"scroll","background-type":"","background-media":"","overlay-type":"","overlay-color":"","overlay-opacity":"","overlay-gradient":""},"mobile":{"background-color":"","background-image":"","background-repeat":"repeat","background-position":"center center","background-size":"auto","background-attachment":"scroll","background-type":"","background-media":"","overlay-type":"","overlay-color":"","overlay-opacity":"","overlay-gradient":""}},"ast-content-background-meta":{"desktop":{"background-color":"var(--ast-global-color-5)","background-image":"","background-repeat":"repeat","background-position":"center center","background-size":"auto","background-attachment":"scroll","background-type":"","background-media":"","overlay-type":"","overlay-color":"","overlay-opacity":"","overlay-gradient":""},"tablet":{"background-color":"var(--ast-global-color-5)","background-image":"","background-repeat":"repeat","background-position":"center center","background-size":"auto","background-attachment":"scroll","background-type":"","background-media":"","overlay-type":"","overlay-color":"","overlay-opacity":"","overlay-gradient":""},"mobile":{"background-color":"var(--ast-global-color-5)","background-image":"","background-repeat":"repeat","background-position":"center center","background-size":"auto","background-attachment":"scroll","background-type":"","background-media":"","overlay-type":"","overlay-color":"","overlay-opacity":"","overlay-gradient":""}},"_joinchat":[],"footnotes":""},"class_list":["post-1651","page","type-page","status-publish","hentry"],"_links":{"self":[{"href":"https:\/\/rent-casadipietra.com\/es\/wp-json\/wp\/v2\/pages\/1651","targetHints":{"allow":["GET"]}}],"collection":[{"href":"https:\/\/rent-casadipietra.com\/es\/wp-json\/wp\/v2\/pages"}],"about":[{"href":"https:\/\/rent-casadipietra.com\/es\/wp-json\/wp\/v2\/types\/page"}],"author":[{"embeddable":true,"href":"https:\/\/rent-casadipietra.com\/es\/wp-json\/wp\/v2\/users\/1"}],"replies":[{"embeddable":true,"href":"https:\/\/rent-casadipietra.com\/es\/wp-json\/wp\/v2\/comments?post=1651"}],"version-history":[{"count":1,"href":"https:\/\/rent-casadipietra.com\/es\/wp-json\/wp\/v2\/pages\/1651\/revisions"}],"predecessor-version":[{"id":1876,"href":"https:\/\/rent-casadipietra.com\/es\/wp-json\/wp\/v2\/pages\/1651\/revisions\/1876"}],"wp:attachment":[{"href":"https:\/\/rent-casadipietra.com\/es\/wp-json\/wp\/v2\/media?parent=1651"}],"curies":[{"name":"wp","href":"https:\/\/api.w.org\/{rel}","templated":true}]}}