{"id":1649,"date":"2022-08-04T17:06:10","date_gmt":"2022-08-04T15:06:10","guid":{"rendered":"https:\/\/rent-casadipietra.com\/inicio\/"},"modified":"2025-05-12T10:29:05","modified_gmt":"2025-05-12T08:29:05","slug":"inicio","status":"publish","type":"page","link":"https:\/\/rent-casadipietra.com\/es\/","title":{"rendered":"Inicio"},"content":{"rendered":"\n\n\t\t\t<h5>Toscana<\/h5><h1>Casa di Pietra<\/h1>\n\t\t\t<a href=\"https:\/\/rent-casadipietra.com\/es\/reserva-ahora\/\" title=\"Haz clic aqu\u00ed\" target=\"_self\"   role=\"button\" aria-label=\"Consultar disponibilidad\">\n\t\t\t\t\t\t\tConsultar disponibilidad\n\t\t<\/a>\n\t\t\t\t<p><strong>Casa di Pietra<\/strong> es una casa toscana tradicional grande y acogedora.<\/p>\n<p>Un rinc\u00f3n de paz y relajaci\u00f3n en un para\u00edso por descubrir, donde podr\u00e1 disfrutar de los lugares m\u00e1s bellos del norte de la Toscana.<\/p>\n<p>Casa di Pietra es para familias con ni\u00f1os y sus mascotas, para aquellos que buscan espacio y la m\u00e1xima comodidad. Es para todos aquellos amantes de la historia, la naturaleza, el deporte, la comida y el buen vino.<\/p>\n\t\t\t<a href=\"#photogalleryrow\" title=\"Haz clic aqu\u00ed\" target=\"_self\"   role=\"button\" aria-label=\"M\u00e1s sobre nosotros\">\n\t\t\t\t\t\t\tM\u00e1s sobre nosotros\n\t\t<\/a>\n\t<h2>\n\t\t\t\tTu casa de vacaciones en la Toscana desconocida\n\t\t\t<\/h2>\n\t\t\t\t<p>Casa di Pietra se encuentra en Garfagnana, una regi\u00f3n hist\u00f3rica de Italia en la provincia de Lucca y en el valle del r\u00edo Serchio, en medio de un paisaje de reservas naturales v\u00edrgenes e innumerables pueblos medievales entre los Alpes Apuanos y Apeninos.<\/p>\n<p>La propiedad consta de una casa de 450 metros cuadrados en media hect\u00e1rea de bosque y jard\u00edn con una hermosa vista panor\u00e1mica.<\/p>\n<p>Su conveniente ubicaci\u00f3n, cerca de Castelnuovo di Garfagnana, una vibrante ciudad medieval fortificada, hace que su estad\u00eda sea c\u00f3moda al brindarle todos los servicios que pueda necesitar durante sus vacaciones.<\/p>\n\t\t\t<a href=\"https:\/\/rent-casadipietra.com\/es\/reserva-ahora\/\" title=\"Haz clic aqu\u00ed\" target=\"_self\"   role=\"button\" aria-label=\"Consultar disponibilidad\">\n\t\t\t\t\t\t\tConsultar disponibilidad\n\t\t<\/a>\n\t<h2>\n\t\t\t\tUna casa de ensue\u00f1o para compartir con familiares y amigos\n\t\t\t<\/h2>\n\t\t\t\t<p>Casa di Pietra es una casa independiente distribuida en 3 plantas, dividida en 4 apartamentos pero alquilada como una sola unidad, lo que permite mucha privacidad entre los hu\u00e9spedes.<\/p>\n<p>Casa di Pietra ofrece suficiente espacio para 14 personas.<br \/>Cada apartamento ha sido bellamente decorado, con pisos de madera a la vista y vigas que agregan un toque r\u00fastico toscano a la casa de vacaciones.<\/p>\n<p>Los dos pisos de la planta baja est\u00e1n conectados por una puerta, y los dos pisos superiores est\u00e1n unidos por una escalera.<\/p>\n<p>En la planta baja hay 3 dormitorios dobles, 2 ba\u00f1os, 2 cocinas totalmente equipadas, dos salones con chimenea y una terraza exterior con bonitas vistas.<\/p>\n<p>Se accede al primer y segundo piso a trav\u00e9s de una entrada en la parte superior del jard\u00edn. All\u00ed encontrar\u00e1s 4 habitaciones dobles, dos ba\u00f1os, dos cocinas totalmente equipadas, un c\u00f3modo sal\u00f3n y un balc\u00f3n con zona de estar donde compartir puestas de sol.<\/p>\n<p>Desde el gran jard\u00edn se puede apreciar la belleza del valle, disfrutar de la piscina (12\u00d76 m) y la barbacoa.<\/p>\n<p>Los hu\u00e9spedes tienen acceso a Wi-Fi y estacionamiento privado en la propiedad.<\/p>\n<p>Las mascotas son bienvenidas; la propiedad est\u00e1 completamente cercada.<\/p>\n\t\t\t<a href=\"https:\/\/rent-casadipietra.com\/es\/reserva-ahora\/\" title=\"Haz clic aqu\u00ed\" target=\"_self\"   role=\"button\" aria-label=\"Consultar disponibilidad\">\n\t\t\t\t\t\t\tConsultar disponibilidad\n\t\t<\/a>\n\t<h2>\n\t\t\t\tExperiencia \u00fanica en la vida\n\t\t\t<\/h2>\n\t\t\t\t<p>Hay mucho que ofrecer en Garfagnana, puedes realizar caminatas o excursiones a la monta\u00f1a, rafting, escalada, golf, ciclismo, paseos a caballo y pesca de truchas en los r\u00edos y lagos, lejos del ruido, la contaminaci\u00f3n y el bullicio de la ciudad.<\/p>\n<p>Para aquellos que prefieran una estancia m\u00e1s relajada, recomendamos realizar rutas gastron\u00f3micas y visitas a las espectaculares ciudades toscanas de inter\u00e9s art\u00edstico y cultural, como Lucca, Pisa o Florencia.<\/p>\n<p>En verano la zona ofrece mucha vida nocturna, numerosos eventos para todas las edades, festivales, teatro, exposiciones y conciertos.<br \/>Durante la temporada de invierno, su proximidad a las estaciones de esqu\u00ed convierte a Casa di Pietra en el lugar ideal para pasar las vacaciones disfrutando de este deporte.<\/p>\n\t\t\t<a href=\"https:\/\/rent-casadipietra.com\/es\/reserva-ahora\/\" title=\"Haz clic aqu\u00ed\" target=\"_self\"   role=\"button\" aria-label=\"Consultar disponibilidad\">\n\t\t\t\t\t\t\tConsultar disponibilidad\n\t\t<\/a>\n\t<iframe loading=\"lazy\" src=\"https:\/\/player.vimeo.com\/video\/886827615?h=8d2d6c0657\" width=\"640\" height=\"360\" frameborder=\"0\" allow=\"autoplay; fullscreen; picture-in-picture\" allowfullscreen><\/iframe>\n\t<h2>\n\t\t\t\tGaller\u00eda de fotos\n\t\t\t<\/h2>\n\t\t\t\t<img decoding=\"async\" src=\"https:\/\/rent-casadipietra.com\/wp-content\/uploads\/2022\/06\/IMG-20220603-WA0079-web.jpg\" alt=\"IMG-20220603-WA0079-web\" title=\"IMG-20220603-WA0079-web\" itemprop=\"image\"\/>\n\t\t\t\t<img decoding=\"async\" src=\"https:\/\/rent-casadipietra.com\/wp-content\/uploads\/2022\/08\/Case-Poggio-65.jpg\" alt=\"Case Poggio-65\" title=\"Case Poggio-65\" itemprop=\"image\"\/>\n\t\t\t\t<img decoding=\"async\" src=\"https:\/\/rent-casadipietra.com\/wp-content\/uploads\/2022\/07\/casa-di-pietra-27-800-80.jpg\" alt=\"casa-di-pietra-27-800-80\" title=\"casa-di-pietra-27-800-80\" itemprop=\"image\"\/>\n\t\t\t\t<img decoding=\"async\" src=\"https:\/\/rent-casadipietra.com\/wp-content\/uploads\/2022\/07\/casa-di-pietra-28-800-80.jpg\" alt=\"casa-di-pietra-28-800-80\" title=\"casa-di-pietra-28-800-80\" itemprop=\"image\"\/>\n\t<iframe src=\"https:\/\/www.google.com\/maps\/embed?pb=!1m18!1m12!1m3!1d367219.2678110915!2d10.3961682731927!3d44.023450005487334!2m3!1f0!2f0!3f0!3m2!1i1024!2i768!4f13.1!3m3!1m2!1s0x12d56bf67f39e569%3A0xf0a8afc7216d1a36!2s55031%20Camporgiano%2C%20Lucca%2C%20Italia!5e0!3m2!1ses!2ses!4v1656371669427!5m2!1ses!2ses\" width=\"1000\" height=\"500\" allowfullscreen=\"\" loading=\"lazy\" referrerpolicy=\"no-referrer-when-downgrade\"><\/iframe>\n\n","protected":false},"excerpt":{"rendered":"<p>Toscana Casa di Pietra Consultar disponibilidad Casa di Pietra es una casa toscana tradicional grande y acogedora. Un rinc\u00f3n de paz y relajaci\u00f3n en un para\u00edso por descubrir, donde podr\u00e1 disfrutar de los lugares m\u00e1s bellos del norte de la Toscana. Casa di Pietra es para familias con ni\u00f1os y sus mascotas, para aquellos que [&hellip;]<\/p>\n","protected":false},"author":1,"featured_media":0,"parent":0,"menu_order":0,"comment_status":"closed","ping_status":"closed","template":"","meta":{"site-sidebar-layout":"no-sidebar","site-content-layout":"page-builder","ast-site-content-layout":"full-width-container","site-content-style":"unboxed","site-sidebar-style":"unboxed","ast-global-header-display":"","ast-banner-title-visibility":"","ast-main-header-display":"","ast-hfb-above-header-display":"","ast-hfb-below-header-display":"","ast-hfb-mobile-header-display":"","site-post-title":"disabled","ast-breadcrumbs-content":"","ast-featured-img":"disabled","footer-sml-layout":"","theme-transparent-header-meta":"enabled","adv-header-id-meta":"","stick-header-meta":"","header-above-stick-meta":"","header-main-stick-meta":"","header-below-stick-meta":"","astra-migrate-meta-layouts":"set","ast-page-background-enabled":"default","ast-page-background-meta":{"desktop":{"background-color":"","background-image":"","background-repeat":"repeat","background-position":"center center","background-size":"auto","background-attachment":"scroll","background-type":"","background-media":"","overlay-type":"","overlay-color":"","overlay-opacity":"","overlay-gradient":""},"tablet":{"background-color":"","background-image":"","background-repeat":"repeat","background-position":"center center","background-size":"auto","background-attachment":"scroll","background-type":"","background-media":"","overlay-type":"","overlay-color":"","overlay-opacity":"","overlay-gradient":""},"mobile":{"background-color":"","background-image":"","background-repeat":"repeat","background-position":"center center","background-size":"auto","background-attachment":"scroll","background-type":"","background-media":"","overlay-type":"","overlay-color":"","overlay-opacity":"","overlay-gradient":""}},"ast-content-background-meta":{"desktop":{"background-color":"var(--ast-global-color-5)","background-image":"","background-repeat":"repeat","background-position":"center center","background-size":"auto","background-attachment":"scroll","background-type":"","background-media":"","overlay-type":"","overlay-color":"","overlay-opacity":"","overlay-gradient":""},"tablet":{"background-color":"var(--ast-global-color-5)","background-image":"","background-repeat":"repeat","background-position":"center center","background-size":"auto","background-attachment":"scroll","background-type":"","background-media":"","overlay-type":"","overlay-color":"","overlay-opacity":"","overlay-gradient":""},"mobile":{"background-color":"var(--ast-global-color-5)","background-image":"","background-repeat":"repeat","background-position":"center center","background-size":"auto","background-attachment":"scroll","background-type":"","background-media":"","overlay-type":"","overlay-color":"","overlay-opacity":"","overlay-gradient":""}},"_joinchat":[],"footnotes":""},"class_list":["post-1649","page","type-page","status-publish","hentry"],"_links":{"self":[{"href":"https:\/\/rent-casadipietra.com\/es\/wp-json\/wp\/v2\/pages\/1649","targetHints":{"allow":["GET"]}}],"collection":[{"href":"https:\/\/rent-casadipietra.com\/es\/wp-json\/wp\/v2\/pages"}],"about":[{"href":"https:\/\/rent-casadipietra.com\/es\/wp-json\/wp\/v2\/types\/page"}],"author":[{"embeddable":true,"href":"https:\/\/rent-casadipietra.com\/es\/wp-json\/wp\/v2\/users\/1"}],"replies":[{"embeddable":true,"href":"https:\/\/rent-casadipietra.com\/es\/wp-json\/wp\/v2\/comments?post=1649"}],"version-history":[{"count":14,"href":"https:\/\/rent-casadipietra.com\/es\/wp-json\/wp\/v2\/pages\/1649\/revisions"}],"predecessor-version":[{"id":2286,"href":"https:\/\/rent-casadipietra.com\/es\/wp-json\/wp\/v2\/pages\/1649\/revisions\/2286"}],"wp:attachment":[{"href":"https:\/\/rent-casadipietra.com\/es\/wp-json\/wp\/v2\/media?parent=1649"}],"curies":[{"name":"wp","href":"https:\/\/api.w.org\/{rel}","templated":true}]}}